{"id":698,"date":"2021-05-02T14:30:59","date_gmt":"2021-05-02T14:30:59","guid":{"rendered":"https:\/\/drikkeleker.experience.as\/?product=flyvende-vekkerklokke"},"modified":"2026-02-28T14:12:59","modified_gmt":"2026-02-28T14:12:59","slug":"flyvende-vekkerklokke","status":"publish","type":"product","link":"https:\/\/drikkeleker.no\/?product=flyvende-vekkerklokke","title":{"rendered":"Flyvende vekkerklokke"},"content":{"rendered":"<p>Etter en fuktig kveld p\u00e5 byen er det fint med en vekkerklokke som f\u00e5r deg opp den tunge dagen derp\u00e5.<\/p>\n<p>Denne klokka har en propell festet der alarmknappen er, og n\u00e5r klokka ringer g\u00e5r sirena, propellen starter (og br\u00e5ker) og flyr opp i taket og ut i rommet. Du m\u00e5 finne propellen og sette den p\u00e5 plass i klokka for \u00e5 skru den av. Da er det ikke v\u00e5r feil om du legger deg ned i senga igjen!<\/p>\n<p>Tenk s\u00e5 morsomt \u00e5 sette denne klokka p\u00e5 soverommet til en kompis uten at han vet om det!<\/p>\n<p><iframe loading=\"lazy\" title=\"Flying alarm clock\" width=\"843\" height=\"632\" src=\"https:\/\/www.youtube.com\/embed\/T_FZMsRHzLc?feature=oembed\" frameborder=\"0\" allow=\"accelerometer; autoplay; clipboard-write; encrypted-media; gyroscope; picture-in-picture\" allowfullscreen><\/iframe><\/p>\n","protected":false},"excerpt":{"rendered":"<p>Klokka som f\u00e5r deg opp dagen derp\u00e5<\/p>\n","protected":false},"featured_media":697,"template":"","meta":{"rating_form_position":"","rating_results_position":"","mr_structured_data_type":""},"product_brand":[],"product_cat":[22],"product_tag":[],"class_list":{"0":"post-698","1":"product","2":"type-product","3":"status-publish","4":"has-post-thumbnail","6":"product_cat-andre","8":"first","9":"outofstock","10":"sale","11":"taxable","12":"shipping-taxable","13":"purchasable","14":"product-type-simple","15":"customify-col"},"yoast_head":"<!-- This site is optimized with the Yoast SEO plugin v27.3 - https:\/\/yoast.com\/product\/yoast-seo-wordpress\/ -->\n<title>Flyvende vekkerklokke - Drikkeleker.no<\/title>\n<meta name=\"description\" content=\"Drikkeleker.no er det selvskrevne nettsted for en perfekt fest! I tillegg til en database med mange drikkeleker har vi en egen drekka-shop!\" \/>\n<meta name=\"robots\" content=\"index, follow, max-snippet:-1, max-image-preview:large, max-video-preview:-1\" \/>\n<link rel=\"canonical\" href=\"https:\/\/drikkeleker.no\/?product=flyvende-vekkerklokke\" \/>\n<meta property=\"og:locale\" content=\"nb_NO\" \/>\n<meta property=\"og:type\" content=\"article\" \/>\n<meta property=\"og:title\" content=\"Flyvende vekkerklokke - Drikkeleker.no\" \/>\n<meta property=\"og:description\" content=\"Drikkeleker.no er det selvskrevne nettsted for en perfekt fest! I tillegg til en database med mange drikkeleker har vi en egen drekka-shop!\" \/>\n<meta property=\"og:url\" content=\"https:\/\/drikkeleker.no\/?product=flyvende-vekkerklokke\" \/>\n<meta property=\"og:site_name\" content=\"Drikkeleker.no\" \/>\n<meta property=\"article:modified_time\" content=\"2026-02-28T14:12:59+00:00\" \/>\n<meta property=\"og:image\" content=\"https:\/\/drikkeleker.no\/wp-content\/uploads\/2021\/05\/1194822193.jpg\" \/>\n\t<meta property=\"og:image:width\" content=\"350\" \/>\n\t<meta property=\"og:image:height\" content=\"350\" \/>\n\t<meta property=\"og:image:type\" content=\"image\/jpeg\" \/>\n<meta name=\"twitter:card\" content=\"summary_large_image\" \/>\n<meta name=\"twitter:label1\" content=\"Ansl. lesetid\" \/>\n\t<meta name=\"twitter:data1\" content=\"1 minutt\" \/>\n<script type=\"application\/ld+json\" class=\"yoast-schema-graph\">{\"@context\":\"https:\\\/\\\/schema.org\",\"@graph\":[{\"@type\":\"WebPage\",\"@id\":\"https:\\\/\\\/drikkeleker.no\\\/?product=flyvende-vekkerklokke\",\"url\":\"https:\\\/\\\/drikkeleker.no\\\/?product=flyvende-vekkerklokke\",\"name\":\"Flyvende vekkerklokke - Drikkeleker.no\",\"isPartOf\":{\"@id\":\"https:\\\/\\\/drikkeleker.no\\\/#website\"},\"primaryImageOfPage\":{\"@id\":\"https:\\\/\\\/drikkeleker.no\\\/?product=flyvende-vekkerklokke#primaryimage\"},\"image\":{\"@id\":\"https:\\\/\\\/drikkeleker.no\\\/?product=flyvende-vekkerklokke#primaryimage\"},\"thumbnailUrl\":\"https:\\\/\\\/drikkeleker.no\\\/wp-content\\\/uploads\\\/2021\\\/05\\\/1194822193.jpg\",\"datePublished\":\"2021-05-02T14:30:59+00:00\",\"dateModified\":\"2026-02-28T14:12:59+00:00\",\"description\":\"Drikkeleker.no er det selvskrevne nettsted for en perfekt fest! I tillegg til en database med mange drikkeleker har vi en egen drekka-shop!\",\"breadcrumb\":{\"@id\":\"https:\\\/\\\/drikkeleker.no\\\/?product=flyvende-vekkerklokke#breadcrumb\"},\"inLanguage\":\"nb-NO\",\"potentialAction\":[{\"@type\":\"ReadAction\",\"target\":[\"https:\\\/\\\/drikkeleker.no\\\/?product=flyvende-vekkerklokke\"]}]},{\"@type\":\"ImageObject\",\"inLanguage\":\"nb-NO\",\"@id\":\"https:\\\/\\\/drikkeleker.no\\\/?product=flyvende-vekkerklokke#primaryimage\",\"url\":\"https:\\\/\\\/drikkeleker.no\\\/wp-content\\\/uploads\\\/2021\\\/05\\\/1194822193.jpg\",\"contentUrl\":\"https:\\\/\\\/drikkeleker.no\\\/wp-content\\\/uploads\\\/2021\\\/05\\\/1194822193.jpg\",\"width\":350,\"height\":350},{\"@type\":\"BreadcrumbList\",\"@id\":\"https:\\\/\\\/drikkeleker.no\\\/?product=flyvende-vekkerklokke#breadcrumb\",\"itemListElement\":[{\"@type\":\"ListItem\",\"position\":1,\"name\":\"Hjem\",\"item\":\"https:\\\/\\\/drikkeleker.no\\\/\"},{\"@type\":\"ListItem\",\"position\":2,\"name\":\"Butikk-original\",\"item\":\"https:\\\/\\\/drikkeleker.no\\\/?page_id=6\"},{\"@type\":\"ListItem\",\"position\":3,\"name\":\"Flyvende vekkerklokke\"}]},{\"@type\":\"WebSite\",\"@id\":\"https:\\\/\\\/drikkeleker.no\\\/#website\",\"url\":\"https:\\\/\\\/drikkeleker.no\\\/\",\"name\":\"Drikkeleker.no\",\"description\":\"For en perfekt fest!\",\"publisher\":{\"@id\":\"https:\\\/\\\/drikkeleker.no\\\/#organization\"},\"potentialAction\":[{\"@type\":\"SearchAction\",\"target\":{\"@type\":\"EntryPoint\",\"urlTemplate\":\"https:\\\/\\\/drikkeleker.no\\\/?s={search_term_string}\"},\"query-input\":{\"@type\":\"PropertyValueSpecification\",\"valueRequired\":true,\"valueName\":\"search_term_string\"}}],\"inLanguage\":\"nb-NO\"},{\"@type\":\"Organization\",\"@id\":\"https:\\\/\\\/drikkeleker.no\\\/#organization\",\"name\":\"Drikkeleker.no\",\"url\":\"https:\\\/\\\/drikkeleker.no\\\/\",\"logo\":{\"@type\":\"ImageObject\",\"inLanguage\":\"nb-NO\",\"@id\":\"https:\\\/\\\/drikkeleker.no\\\/#\\\/schema\\\/logo\\\/image\\\/\",\"url\":\"https:\\\/\\\/drikkeleker.no\\\/wp-content\\\/uploads\\\/2021\\\/05\\\/damen.png\",\"contentUrl\":\"https:\\\/\\\/drikkeleker.no\\\/wp-content\\\/uploads\\\/2021\\\/05\\\/damen.png\",\"width\":475,\"height\":350,\"caption\":\"Drikkeleker.no\"},\"image\":{\"@id\":\"https:\\\/\\\/drikkeleker.no\\\/#\\\/schema\\\/logo\\\/image\\\/\"}}]}<\/script>\n<!-- \/ Yoast SEO plugin. -->","yoast_head_json":{"title":"Flyvende vekkerklokke - Drikkeleker.no","description":"Drikkeleker.no er det selvskrevne nettsted for en perfekt fest! I tillegg til en database med mange drikkeleker har vi en egen drekka-shop!","robots":{"index":"index","follow":"follow","max-snippet":"max-snippet:-1","max-image-preview":"max-image-preview:large","max-video-preview":"max-video-preview:-1"},"canonical":"https:\/\/drikkeleker.no\/?product=flyvende-vekkerklokke","og_locale":"nb_NO","og_type":"article","og_title":"Flyvende vekkerklokke - Drikkeleker.no","og_description":"Drikkeleker.no er det selvskrevne nettsted for en perfekt fest! I tillegg til en database med mange drikkeleker har vi en egen drekka-shop!","og_url":"https:\/\/drikkeleker.no\/?product=flyvende-vekkerklokke","og_site_name":"Drikkeleker.no","article_modified_time":"2026-02-28T14:12:59+00:00","og_image":[{"width":350,"height":350,"url":"https:\/\/drikkeleker.no\/wp-content\/uploads\/2021\/05\/1194822193.jpg","type":"image\/jpeg"}],"twitter_card":"summary_large_image","twitter_misc":{"Ansl. lesetid":"1 minutt"},"schema":{"@context":"https:\/\/schema.org","@graph":[{"@type":"WebPage","@id":"https:\/\/drikkeleker.no\/?product=flyvende-vekkerklokke","url":"https:\/\/drikkeleker.no\/?product=flyvende-vekkerklokke","name":"Flyvende vekkerklokke - Drikkeleker.no","isPartOf":{"@id":"https:\/\/drikkeleker.no\/#website"},"primaryImageOfPage":{"@id":"https:\/\/drikkeleker.no\/?product=flyvende-vekkerklokke#primaryimage"},"image":{"@id":"https:\/\/drikkeleker.no\/?product=flyvende-vekkerklokke#primaryimage"},"thumbnailUrl":"https:\/\/drikkeleker.no\/wp-content\/uploads\/2021\/05\/1194822193.jpg","datePublished":"2021-05-02T14:30:59+00:00","dateModified":"2026-02-28T14:12:59+00:00","description":"Drikkeleker.no er det selvskrevne nettsted for en perfekt fest! I tillegg til en database med mange drikkeleker har vi en egen drekka-shop!","breadcrumb":{"@id":"https:\/\/drikkeleker.no\/?product=flyvende-vekkerklokke#breadcrumb"},"inLanguage":"nb-NO","potentialAction":[{"@type":"ReadAction","target":["https:\/\/drikkeleker.no\/?product=flyvende-vekkerklokke"]}]},{"@type":"ImageObject","inLanguage":"nb-NO","@id":"https:\/\/drikkeleker.no\/?product=flyvende-vekkerklokke#primaryimage","url":"https:\/\/drikkeleker.no\/wp-content\/uploads\/2021\/05\/1194822193.jpg","contentUrl":"https:\/\/drikkeleker.no\/wp-content\/uploads\/2021\/05\/1194822193.jpg","width":350,"height":350},{"@type":"BreadcrumbList","@id":"https:\/\/drikkeleker.no\/?product=flyvende-vekkerklokke#breadcrumb","itemListElement":[{"@type":"ListItem","position":1,"name":"Hjem","item":"https:\/\/drikkeleker.no\/"},{"@type":"ListItem","position":2,"name":"Butikk-original","item":"https:\/\/drikkeleker.no\/?page_id=6"},{"@type":"ListItem","position":3,"name":"Flyvende vekkerklokke"}]},{"@type":"WebSite","@id":"https:\/\/drikkeleker.no\/#website","url":"https:\/\/drikkeleker.no\/","name":"Drikkeleker.no","description":"For en perfekt fest!","publisher":{"@id":"https:\/\/drikkeleker.no\/#organization"},"potentialAction":[{"@type":"SearchAction","target":{"@type":"EntryPoint","urlTemplate":"https:\/\/drikkeleker.no\/?s={search_term_string}"},"query-input":{"@type":"PropertyValueSpecification","valueRequired":true,"valueName":"search_term_string"}}],"inLanguage":"nb-NO"},{"@type":"Organization","@id":"https:\/\/drikkeleker.no\/#organization","name":"Drikkeleker.no","url":"https:\/\/drikkeleker.no\/","logo":{"@type":"ImageObject","inLanguage":"nb-NO","@id":"https:\/\/drikkeleker.no\/#\/schema\/logo\/image\/","url":"https:\/\/drikkeleker.no\/wp-content\/uploads\/2021\/05\/damen.png","contentUrl":"https:\/\/drikkeleker.no\/wp-content\/uploads\/2021\/05\/damen.png","width":475,"height":350,"caption":"Drikkeleker.no"},"image":{"@id":"https:\/\/drikkeleker.no\/#\/schema\/logo\/image\/"}}]}},"multi-rating":{"mr_rating_results":[{"adjusted_star_result":0,"star_result":0,"total_max_option_value":5,"adjusted_score_result":0,"score_result":0,"percentage_result":0,"adjusted_percentage_result":0,"count":0,"post_id":698}]},"_links":{"self":[{"href":"https:\/\/drikkeleker.no\/index.php?rest_route=\/wp\/v2\/product\/698","targetHints":{"allow":["GET"]}}],"collection":[{"href":"https:\/\/drikkeleker.no\/index.php?rest_route=\/wp\/v2\/product"}],"about":[{"href":"https:\/\/drikkeleker.no\/index.php?rest_route=\/wp\/v2\/types\/product"}],"wp:featuredmedia":[{"embeddable":true,"href":"https:\/\/drikkeleker.no\/index.php?rest_route=\/wp\/v2\/media\/697"}],"wp:attachment":[{"href":"https:\/\/drikkeleker.no\/index.php?rest_route=%2Fwp%2Fv2%2Fmedia&parent=698"}],"wp:term":[{"taxonomy":"product_brand","embeddable":true,"href":"https:\/\/drikkeleker.no\/index.php?rest_route=%2Fwp%2Fv2%2Fproduct_brand&post=698"},{"taxonomy":"product_cat","embeddable":true,"href":"https:\/\/drikkeleker.no\/index.php?rest_route=%2Fwp%2Fv2%2Fproduct_cat&post=698"},{"taxonomy":"product_tag","embeddable":true,"href":"https:\/\/drikkeleker.no\/index.php?rest_route=%2Fwp%2Fv2%2Fproduct_tag&post=698"}],"curies":[{"name":"wp","href":"https:\/\/api.w.org\/{rel}","templated":true}]}}