{"id":564,"date":"2021-05-02T14:29:28","date_gmt":"2021-05-02T14:29:28","guid":{"rendered":"https:\/\/drikkeleker.experience.as\/?product=shotglass-bondesjakk"},"modified":"2021-05-02T14:29:28","modified_gmt":"2021-05-02T14:29:28","slug":"shotglass-bondesjakk","status":"publish","type":"product","link":"https:\/\/drikkeleker.no\/?product=shotglass-bondesjakk","title":{"rendered":"Shotglass-bondesjakk"},"content":{"rendered":"<p>Bondesjakk, eller tre p\u00e5 rad eller tic tac toe, er et enkelt spill du sikkert kjenner i papirversjon. P\u00e5 fest er det shotsversjonen som gjelder!<\/p>\n<p>\nN\u00e5r man spiller med brikker flytter man brikkene rundt til en har tre p\u00e5 rad. Taperen m\u00e5 drikke. Variasjoner av mengden drikke er f.eks. \u00e5 drikke de tre som er p\u00e5 rad, drikke alle glass som er p\u00e5 brettet, osv. osv.<\/p>\n<p>\nLykke til, take care!<\/p>\n","protected":false},"excerpt":{"rendered":"<p>P\u00e5 fest er det shotsversjon av spillet som gjelder!<\/p>\n","protected":false},"featured_media":563,"template":"","meta":{"rating_form_position":"","rating_results_position":"","mr_structured_data_type":""},"product_brand":[],"product_cat":[21],"product_tag":[],"class_list":{"0":"post-564","1":"product","2":"type-product","3":"status-publish","4":"has-post-thumbnail","6":"product_cat-spillogleker","8":"first","9":"outofstock","10":"sale","11":"taxable","12":"shipping-taxable","13":"purchasable","14":"product-type-simple","15":"customify-col"},"yoast_head":"<!-- This site is optimized with the Yoast SEO plugin v27.4 - https:\/\/yoast.com\/product\/yoast-seo-wordpress\/ -->\n<title>Shotglass-bondesjakk - Drikkeleker.no<\/title>\n<meta name=\"description\" content=\"Drikkeleker.no er det selvskrevne nettsted for en perfekt fest! I tillegg til en database med mange drikkeleker har vi en egen drekka-shop!\" \/>\n<meta name=\"robots\" content=\"index, follow, max-snippet:-1, max-image-preview:large, max-video-preview:-1\" \/>\n<link rel=\"canonical\" href=\"https:\/\/drikkeleker.no\/?product=shotglass-bondesjakk\" \/>\n<meta property=\"og:locale\" content=\"nb_NO\" \/>\n<meta property=\"og:type\" content=\"article\" \/>\n<meta property=\"og:title\" content=\"Shotglass-bondesjakk - Drikkeleker.no\" \/>\n<meta property=\"og:description\" content=\"Drikkeleker.no er det selvskrevne nettsted for en perfekt fest! I tillegg til en database med mange drikkeleker har vi en egen drekka-shop!\" \/>\n<meta property=\"og:url\" content=\"https:\/\/drikkeleker.no\/?product=shotglass-bondesjakk\" \/>\n<meta property=\"og:site_name\" content=\"Drikkeleker.no\" \/>\n<meta property=\"og:image\" content=\"https:\/\/drikkeleker.no\/wp-content\/uploads\/2021\/05\/1174602440.jpg\" \/>\n\t<meta property=\"og:image:width\" content=\"2204\" \/>\n\t<meta property=\"og:image:height\" content=\"1260\" \/>\n\t<meta property=\"og:image:type\" content=\"image\/jpeg\" \/>\n<meta name=\"twitter:card\" content=\"summary_large_image\" \/>\n<script type=\"application\/ld+json\" class=\"yoast-schema-graph\">{\"@context\":\"https:\\\/\\\/schema.org\",\"@graph\":[{\"@type\":\"WebPage\",\"@id\":\"https:\\\/\\\/drikkeleker.no\\\/?product=shotglass-bondesjakk\",\"url\":\"https:\\\/\\\/drikkeleker.no\\\/?product=shotglass-bondesjakk\",\"name\":\"Shotglass-bondesjakk - Drikkeleker.no\",\"isPartOf\":{\"@id\":\"https:\\\/\\\/drikkeleker.no\\\/#website\"},\"primaryImageOfPage\":{\"@id\":\"https:\\\/\\\/drikkeleker.no\\\/?product=shotglass-bondesjakk#primaryimage\"},\"image\":{\"@id\":\"https:\\\/\\\/drikkeleker.no\\\/?product=shotglass-bondesjakk#primaryimage\"},\"thumbnailUrl\":\"https:\\\/\\\/drikkeleker.no\\\/wp-content\\\/uploads\\\/2021\\\/05\\\/1174602440.jpg\",\"datePublished\":\"2021-05-02T14:29:28+00:00\",\"description\":\"Drikkeleker.no er det selvskrevne nettsted for en perfekt fest! I tillegg til en database med mange drikkeleker har vi en egen drekka-shop!\",\"breadcrumb\":{\"@id\":\"https:\\\/\\\/drikkeleker.no\\\/?product=shotglass-bondesjakk#breadcrumb\"},\"inLanguage\":\"nb-NO\",\"potentialAction\":[{\"@type\":\"ReadAction\",\"target\":[\"https:\\\/\\\/drikkeleker.no\\\/?product=shotglass-bondesjakk\"]}]},{\"@type\":\"ImageObject\",\"inLanguage\":\"nb-NO\",\"@id\":\"https:\\\/\\\/drikkeleker.no\\\/?product=shotglass-bondesjakk#primaryimage\",\"url\":\"https:\\\/\\\/drikkeleker.no\\\/wp-content\\\/uploads\\\/2021\\\/05\\\/1174602440.jpg\",\"contentUrl\":\"https:\\\/\\\/drikkeleker.no\\\/wp-content\\\/uploads\\\/2021\\\/05\\\/1174602440.jpg\",\"width\":2204,\"height\":1260},{\"@type\":\"BreadcrumbList\",\"@id\":\"https:\\\/\\\/drikkeleker.no\\\/?product=shotglass-bondesjakk#breadcrumb\",\"itemListElement\":[{\"@type\":\"ListItem\",\"position\":1,\"name\":\"Hjem\",\"item\":\"https:\\\/\\\/drikkeleker.no\\\/\"},{\"@type\":\"ListItem\",\"position\":2,\"name\":\"Butikk-original\",\"item\":\"https:\\\/\\\/drikkeleker.no\\\/?page_id=6\"},{\"@type\":\"ListItem\",\"position\":3,\"name\":\"Shotglass-bondesjakk\"}]},{\"@type\":\"WebSite\",\"@id\":\"https:\\\/\\\/drikkeleker.no\\\/#website\",\"url\":\"https:\\\/\\\/drikkeleker.no\\\/\",\"name\":\"Drikkeleker.no\",\"description\":\"For en perfekt fest!\",\"publisher\":{\"@id\":\"https:\\\/\\\/drikkeleker.no\\\/#organization\"},\"potentialAction\":[{\"@type\":\"SearchAction\",\"target\":{\"@type\":\"EntryPoint\",\"urlTemplate\":\"https:\\\/\\\/drikkeleker.no\\\/?s={search_term_string}\"},\"query-input\":{\"@type\":\"PropertyValueSpecification\",\"valueRequired\":true,\"valueName\":\"search_term_string\"}}],\"inLanguage\":\"nb-NO\"},{\"@type\":\"Organization\",\"@id\":\"https:\\\/\\\/drikkeleker.no\\\/#organization\",\"name\":\"Drikkeleker.no\",\"url\":\"https:\\\/\\\/drikkeleker.no\\\/\",\"logo\":{\"@type\":\"ImageObject\",\"inLanguage\":\"nb-NO\",\"@id\":\"https:\\\/\\\/drikkeleker.no\\\/#\\\/schema\\\/logo\\\/image\\\/\",\"url\":\"https:\\\/\\\/drikkeleker.no\\\/wp-content\\\/uploads\\\/2021\\\/05\\\/damen.png\",\"contentUrl\":\"https:\\\/\\\/drikkeleker.no\\\/wp-content\\\/uploads\\\/2021\\\/05\\\/damen.png\",\"width\":475,\"height\":350,\"caption\":\"Drikkeleker.no\"},\"image\":{\"@id\":\"https:\\\/\\\/drikkeleker.no\\\/#\\\/schema\\\/logo\\\/image\\\/\"}}]}<\/script>\n<!-- \/ Yoast SEO plugin. -->","yoast_head_json":{"title":"Shotglass-bondesjakk - Drikkeleker.no","description":"Drikkeleker.no er det selvskrevne nettsted for en perfekt fest! I tillegg til en database med mange drikkeleker har vi en egen drekka-shop!","robots":{"index":"index","follow":"follow","max-snippet":"max-snippet:-1","max-image-preview":"max-image-preview:large","max-video-preview":"max-video-preview:-1"},"canonical":"https:\/\/drikkeleker.no\/?product=shotglass-bondesjakk","og_locale":"nb_NO","og_type":"article","og_title":"Shotglass-bondesjakk - Drikkeleker.no","og_description":"Drikkeleker.no er det selvskrevne nettsted for en perfekt fest! I tillegg til en database med mange drikkeleker har vi en egen drekka-shop!","og_url":"https:\/\/drikkeleker.no\/?product=shotglass-bondesjakk","og_site_name":"Drikkeleker.no","og_image":[{"width":2204,"height":1260,"url":"https:\/\/drikkeleker.no\/wp-content\/uploads\/2021\/05\/1174602440.jpg","type":"image\/jpeg"}],"twitter_card":"summary_large_image","schema":{"@context":"https:\/\/schema.org","@graph":[{"@type":"WebPage","@id":"https:\/\/drikkeleker.no\/?product=shotglass-bondesjakk","url":"https:\/\/drikkeleker.no\/?product=shotglass-bondesjakk","name":"Shotglass-bondesjakk - Drikkeleker.no","isPartOf":{"@id":"https:\/\/drikkeleker.no\/#website"},"primaryImageOfPage":{"@id":"https:\/\/drikkeleker.no\/?product=shotglass-bondesjakk#primaryimage"},"image":{"@id":"https:\/\/drikkeleker.no\/?product=shotglass-bondesjakk#primaryimage"},"thumbnailUrl":"https:\/\/drikkeleker.no\/wp-content\/uploads\/2021\/05\/1174602440.jpg","datePublished":"2021-05-02T14:29:28+00:00","description":"Drikkeleker.no er det selvskrevne nettsted for en perfekt fest! I tillegg til en database med mange drikkeleker har vi en egen drekka-shop!","breadcrumb":{"@id":"https:\/\/drikkeleker.no\/?product=shotglass-bondesjakk#breadcrumb"},"inLanguage":"nb-NO","potentialAction":[{"@type":"ReadAction","target":["https:\/\/drikkeleker.no\/?product=shotglass-bondesjakk"]}]},{"@type":"ImageObject","inLanguage":"nb-NO","@id":"https:\/\/drikkeleker.no\/?product=shotglass-bondesjakk#primaryimage","url":"https:\/\/drikkeleker.no\/wp-content\/uploads\/2021\/05\/1174602440.jpg","contentUrl":"https:\/\/drikkeleker.no\/wp-content\/uploads\/2021\/05\/1174602440.jpg","width":2204,"height":1260},{"@type":"BreadcrumbList","@id":"https:\/\/drikkeleker.no\/?product=shotglass-bondesjakk#breadcrumb","itemListElement":[{"@type":"ListItem","position":1,"name":"Hjem","item":"https:\/\/drikkeleker.no\/"},{"@type":"ListItem","position":2,"name":"Butikk-original","item":"https:\/\/drikkeleker.no\/?page_id=6"},{"@type":"ListItem","position":3,"name":"Shotglass-bondesjakk"}]},{"@type":"WebSite","@id":"https:\/\/drikkeleker.no\/#website","url":"https:\/\/drikkeleker.no\/","name":"Drikkeleker.no","description":"For en perfekt fest!","publisher":{"@id":"https:\/\/drikkeleker.no\/#organization"},"potentialAction":[{"@type":"SearchAction","target":{"@type":"EntryPoint","urlTemplate":"https:\/\/drikkeleker.no\/?s={search_term_string}"},"query-input":{"@type":"PropertyValueSpecification","valueRequired":true,"valueName":"search_term_string"}}],"inLanguage":"nb-NO"},{"@type":"Organization","@id":"https:\/\/drikkeleker.no\/#organization","name":"Drikkeleker.no","url":"https:\/\/drikkeleker.no\/","logo":{"@type":"ImageObject","inLanguage":"nb-NO","@id":"https:\/\/drikkeleker.no\/#\/schema\/logo\/image\/","url":"https:\/\/drikkeleker.no\/wp-content\/uploads\/2021\/05\/damen.png","contentUrl":"https:\/\/drikkeleker.no\/wp-content\/uploads\/2021\/05\/damen.png","width":475,"height":350,"caption":"Drikkeleker.no"},"image":{"@id":"https:\/\/drikkeleker.no\/#\/schema\/logo\/image\/"}}]}},"multi-rating":{"mr_rating_results":[{"adjusted_star_result":0,"star_result":0,"total_max_option_value":5,"adjusted_score_result":0,"score_result":0,"percentage_result":0,"adjusted_percentage_result":0,"count":0,"post_id":564}]},"_links":{"self":[{"href":"https:\/\/drikkeleker.no\/index.php?rest_route=\/wp\/v2\/product\/564","targetHints":{"allow":["GET"]}}],"collection":[{"href":"https:\/\/drikkeleker.no\/index.php?rest_route=\/wp\/v2\/product"}],"about":[{"href":"https:\/\/drikkeleker.no\/index.php?rest_route=\/wp\/v2\/types\/product"}],"wp:featuredmedia":[{"embeddable":true,"href":"https:\/\/drikkeleker.no\/index.php?rest_route=\/wp\/v2\/media\/563"}],"wp:attachment":[{"href":"https:\/\/drikkeleker.no\/index.php?rest_route=%2Fwp%2Fv2%2Fmedia&parent=564"}],"wp:term":[{"taxonomy":"product_brand","embeddable":true,"href":"https:\/\/drikkeleker.no\/index.php?rest_route=%2Fwp%2Fv2%2Fproduct_brand&post=564"},{"taxonomy":"product_cat","embeddable":true,"href":"https:\/\/drikkeleker.no\/index.php?rest_route=%2Fwp%2Fv2%2Fproduct_cat&post=564"},{"taxonomy":"product_tag","embeddable":true,"href":"https:\/\/drikkeleker.no\/index.php?rest_route=%2Fwp%2Fv2%2Fproduct_tag&post=564"}],"curies":[{"name":"wp","href":"https:\/\/api.w.org\/{rel}","templated":true}]}}