{"id":360,"date":"2021-04-01T17:34:25","date_gmt":"2021-04-01T17:34:25","guid":{"rendered":"https:\/\/drikkeleker.experience.as\/?product=hi%c2%bdndveske-for-utdrikningslaget"},"modified":"2021-05-02T16:47:39","modified_gmt":"2021-05-02T16:47:39","slug":"hi%c2%bdndveske-for-utdrikningslaget","status":"publish","type":"product","link":"https:\/\/drikkeleker.no\/?product=hi%c2%bdndveske-for-utdrikningslaget","title":{"rendered":"H\u00e5ndveske for utdrikningslaget"},"content":{"rendered":"<p>Denne h\u00e5ndvesken er ikke en skikkelig h\u00e5ndveske, men den inneholder det n\u00f8dvendige utstyret for hennes utdrikningslag. Settet inneholder 18 &laquo;skitne&raquo; utfordringer og det du trenger for \u00e5 fullf\u00f8re oppgavene. Lett \u00e5 bruke &#8211; alt du trenger \u00e5 tilf\u00f8ye er mannfolka!<\/p>\n","protected":false},"excerpt":{"rendered":"<p>En <\/p>\n","protected":false},"featured_media":359,"template":"","meta":{"rating_form_position":"","rating_results_position":"","mr_structured_data_type":""},"product_brand":[],"product_cat":[29],"product_tag":[],"class_list":{"0":"post-360","1":"product","2":"type-product","3":"status-publish","4":"has-post-thumbnail","6":"product_cat-utdrikningslag","8":"first","9":"instock","10":"sale","11":"taxable","12":"shipping-taxable","13":"purchasable","14":"product-type-simple","15":"customify-col"},"yoast_head":"<!-- This site is optimized with the Yoast SEO plugin v27.3 - https:\/\/yoast.com\/product\/yoast-seo-wordpress\/ -->\n<title>H\u00e5ndveske for utdrikningslaget - Drikkeleker.no<\/title>\n<meta name=\"description\" content=\"Drikkeleker.no er det selvskrevne nettsted for en perfekt fest! I tillegg til en database med mange drikkeleker har vi en egen drekka-shop!\" \/>\n<meta name=\"robots\" content=\"index, follow, max-snippet:-1, max-image-preview:large, max-video-preview:-1\" \/>\n<link rel=\"canonical\" href=\"https:\/\/drikkeleker.no\/?product=hi\u00bdndveske-for-utdrikningslaget\" \/>\n<meta property=\"og:locale\" content=\"nb_NO\" \/>\n<meta property=\"og:type\" content=\"article\" \/>\n<meta property=\"og:title\" content=\"H\u00e5ndveske for utdrikningslaget - Drikkeleker.no\" \/>\n<meta property=\"og:description\" content=\"Drikkeleker.no er det selvskrevne nettsted for en perfekt fest! I tillegg til en database med mange drikkeleker har vi en egen drekka-shop!\" \/>\n<meta property=\"og:url\" content=\"https:\/\/drikkeleker.no\/?product=hi\u00bdndveske-for-utdrikningslaget\" \/>\n<meta property=\"og:site_name\" content=\"Drikkeleker.no\" \/>\n<meta property=\"article:modified_time\" content=\"2021-05-02T16:47:39+00:00\" \/>\n<meta property=\"og:image\" content=\"https:\/\/drikkeleker.no\/wp-content\/uploads\/2021\/04\/1177452344.jpg\" \/>\n\t<meta property=\"og:image:width\" content=\"300\" \/>\n\t<meta property=\"og:image:height\" content=\"200\" \/>\n\t<meta property=\"og:image:type\" content=\"image\/jpeg\" \/>\n<meta name=\"twitter:card\" content=\"summary_large_image\" \/>\n<script type=\"application\/ld+json\" class=\"yoast-schema-graph\">{\"@context\":\"https:\\\/\\\/schema.org\",\"@graph\":[{\"@type\":\"WebPage\",\"@id\":\"https:\\\/\\\/drikkeleker.no\\\/?product=hi%c2%bdndveske-for-utdrikningslaget\",\"url\":\"https:\\\/\\\/drikkeleker.no\\\/?product=hi%c2%bdndveske-for-utdrikningslaget\",\"name\":\"H\u00e5ndveske for utdrikningslaget - Drikkeleker.no\",\"isPartOf\":{\"@id\":\"https:\\\/\\\/drikkeleker.no\\\/#website\"},\"primaryImageOfPage\":{\"@id\":\"https:\\\/\\\/drikkeleker.no\\\/?product=hi%c2%bdndveske-for-utdrikningslaget#primaryimage\"},\"image\":{\"@id\":\"https:\\\/\\\/drikkeleker.no\\\/?product=hi%c2%bdndveske-for-utdrikningslaget#primaryimage\"},\"thumbnailUrl\":\"https:\\\/\\\/drikkeleker.no\\\/wp-content\\\/uploads\\\/2021\\\/04\\\/1177452344.jpg\",\"datePublished\":\"2021-04-01T17:34:25+00:00\",\"dateModified\":\"2021-05-02T16:47:39+00:00\",\"description\":\"Drikkeleker.no er det selvskrevne nettsted for en perfekt fest! I tillegg til en database med mange drikkeleker har vi en egen drekka-shop!\",\"breadcrumb\":{\"@id\":\"https:\\\/\\\/drikkeleker.no\\\/?product=hi%c2%bdndveske-for-utdrikningslaget#breadcrumb\"},\"inLanguage\":\"nb-NO\",\"potentialAction\":[{\"@type\":\"ReadAction\",\"target\":[\"https:\\\/\\\/drikkeleker.no\\\/?product=hi%c2%bdndveske-for-utdrikningslaget\"]}]},{\"@type\":\"ImageObject\",\"inLanguage\":\"nb-NO\",\"@id\":\"https:\\\/\\\/drikkeleker.no\\\/?product=hi%c2%bdndveske-for-utdrikningslaget#primaryimage\",\"url\":\"https:\\\/\\\/drikkeleker.no\\\/wp-content\\\/uploads\\\/2021\\\/04\\\/1177452344.jpg\",\"contentUrl\":\"https:\\\/\\\/drikkeleker.no\\\/wp-content\\\/uploads\\\/2021\\\/04\\\/1177452344.jpg\",\"width\":300,\"height\":200},{\"@type\":\"BreadcrumbList\",\"@id\":\"https:\\\/\\\/drikkeleker.no\\\/?product=hi%c2%bdndveske-for-utdrikningslaget#breadcrumb\",\"itemListElement\":[{\"@type\":\"ListItem\",\"position\":1,\"name\":\"Hjem\",\"item\":\"https:\\\/\\\/drikkeleker.no\\\/\"},{\"@type\":\"ListItem\",\"position\":2,\"name\":\"Butikk-original\",\"item\":\"https:\\\/\\\/drikkeleker.no\\\/?page_id=6\"},{\"@type\":\"ListItem\",\"position\":3,\"name\":\"H\u00e5ndveske for utdrikningslaget\"}]},{\"@type\":\"WebSite\",\"@id\":\"https:\\\/\\\/drikkeleker.no\\\/#website\",\"url\":\"https:\\\/\\\/drikkeleker.no\\\/\",\"name\":\"Drikkeleker.no\",\"description\":\"For en perfekt fest!\",\"publisher\":{\"@id\":\"https:\\\/\\\/drikkeleker.no\\\/#organization\"},\"potentialAction\":[{\"@type\":\"SearchAction\",\"target\":{\"@type\":\"EntryPoint\",\"urlTemplate\":\"https:\\\/\\\/drikkeleker.no\\\/?s={search_term_string}\"},\"query-input\":{\"@type\":\"PropertyValueSpecification\",\"valueRequired\":true,\"valueName\":\"search_term_string\"}}],\"inLanguage\":\"nb-NO\"},{\"@type\":\"Organization\",\"@id\":\"https:\\\/\\\/drikkeleker.no\\\/#organization\",\"name\":\"Drikkeleker.no\",\"url\":\"https:\\\/\\\/drikkeleker.no\\\/\",\"logo\":{\"@type\":\"ImageObject\",\"inLanguage\":\"nb-NO\",\"@id\":\"https:\\\/\\\/drikkeleker.no\\\/#\\\/schema\\\/logo\\\/image\\\/\",\"url\":\"https:\\\/\\\/drikkeleker.no\\\/wp-content\\\/uploads\\\/2021\\\/05\\\/damen.png\",\"contentUrl\":\"https:\\\/\\\/drikkeleker.no\\\/wp-content\\\/uploads\\\/2021\\\/05\\\/damen.png\",\"width\":475,\"height\":350,\"caption\":\"Drikkeleker.no\"},\"image\":{\"@id\":\"https:\\\/\\\/drikkeleker.no\\\/#\\\/schema\\\/logo\\\/image\\\/\"}}]}<\/script>\n<!-- \/ Yoast SEO plugin. -->","yoast_head_json":{"title":"H\u00e5ndveske for utdrikningslaget - Drikkeleker.no","description":"Drikkeleker.no er det selvskrevne nettsted for en perfekt fest! I tillegg til en database med mange drikkeleker har vi en egen drekka-shop!","robots":{"index":"index","follow":"follow","max-snippet":"max-snippet:-1","max-image-preview":"max-image-preview:large","max-video-preview":"max-video-preview:-1"},"canonical":"https:\/\/drikkeleker.no\/?product=hi\u00bdndveske-for-utdrikningslaget","og_locale":"nb_NO","og_type":"article","og_title":"H\u00e5ndveske for utdrikningslaget - Drikkeleker.no","og_description":"Drikkeleker.no er det selvskrevne nettsted for en perfekt fest! I tillegg til en database med mange drikkeleker har vi en egen drekka-shop!","og_url":"https:\/\/drikkeleker.no\/?product=hi\u00bdndveske-for-utdrikningslaget","og_site_name":"Drikkeleker.no","article_modified_time":"2021-05-02T16:47:39+00:00","og_image":[{"width":300,"height":200,"url":"https:\/\/drikkeleker.no\/wp-content\/uploads\/2021\/04\/1177452344.jpg","type":"image\/jpeg"}],"twitter_card":"summary_large_image","schema":{"@context":"https:\/\/schema.org","@graph":[{"@type":"WebPage","@id":"https:\/\/drikkeleker.no\/?product=hi%c2%bdndveske-for-utdrikningslaget","url":"https:\/\/drikkeleker.no\/?product=hi%c2%bdndveske-for-utdrikningslaget","name":"H\u00e5ndveske for utdrikningslaget - Drikkeleker.no","isPartOf":{"@id":"https:\/\/drikkeleker.no\/#website"},"primaryImageOfPage":{"@id":"https:\/\/drikkeleker.no\/?product=hi%c2%bdndveske-for-utdrikningslaget#primaryimage"},"image":{"@id":"https:\/\/drikkeleker.no\/?product=hi%c2%bdndveske-for-utdrikningslaget#primaryimage"},"thumbnailUrl":"https:\/\/drikkeleker.no\/wp-content\/uploads\/2021\/04\/1177452344.jpg","datePublished":"2021-04-01T17:34:25+00:00","dateModified":"2021-05-02T16:47:39+00:00","description":"Drikkeleker.no er det selvskrevne nettsted for en perfekt fest! I tillegg til en database med mange drikkeleker har vi en egen drekka-shop!","breadcrumb":{"@id":"https:\/\/drikkeleker.no\/?product=hi%c2%bdndveske-for-utdrikningslaget#breadcrumb"},"inLanguage":"nb-NO","potentialAction":[{"@type":"ReadAction","target":["https:\/\/drikkeleker.no\/?product=hi%c2%bdndveske-for-utdrikningslaget"]}]},{"@type":"ImageObject","inLanguage":"nb-NO","@id":"https:\/\/drikkeleker.no\/?product=hi%c2%bdndveske-for-utdrikningslaget#primaryimage","url":"https:\/\/drikkeleker.no\/wp-content\/uploads\/2021\/04\/1177452344.jpg","contentUrl":"https:\/\/drikkeleker.no\/wp-content\/uploads\/2021\/04\/1177452344.jpg","width":300,"height":200},{"@type":"BreadcrumbList","@id":"https:\/\/drikkeleker.no\/?product=hi%c2%bdndveske-for-utdrikningslaget#breadcrumb","itemListElement":[{"@type":"ListItem","position":1,"name":"Hjem","item":"https:\/\/drikkeleker.no\/"},{"@type":"ListItem","position":2,"name":"Butikk-original","item":"https:\/\/drikkeleker.no\/?page_id=6"},{"@type":"ListItem","position":3,"name":"H\u00e5ndveske for utdrikningslaget"}]},{"@type":"WebSite","@id":"https:\/\/drikkeleker.no\/#website","url":"https:\/\/drikkeleker.no\/","name":"Drikkeleker.no","description":"For en perfekt fest!","publisher":{"@id":"https:\/\/drikkeleker.no\/#organization"},"potentialAction":[{"@type":"SearchAction","target":{"@type":"EntryPoint","urlTemplate":"https:\/\/drikkeleker.no\/?s={search_term_string}"},"query-input":{"@type":"PropertyValueSpecification","valueRequired":true,"valueName":"search_term_string"}}],"inLanguage":"nb-NO"},{"@type":"Organization","@id":"https:\/\/drikkeleker.no\/#organization","name":"Drikkeleker.no","url":"https:\/\/drikkeleker.no\/","logo":{"@type":"ImageObject","inLanguage":"nb-NO","@id":"https:\/\/drikkeleker.no\/#\/schema\/logo\/image\/","url":"https:\/\/drikkeleker.no\/wp-content\/uploads\/2021\/05\/damen.png","contentUrl":"https:\/\/drikkeleker.no\/wp-content\/uploads\/2021\/05\/damen.png","width":475,"height":350,"caption":"Drikkeleker.no"},"image":{"@id":"https:\/\/drikkeleker.no\/#\/schema\/logo\/image\/"}}]}},"multi-rating":{"mr_rating_results":[{"adjusted_star_result":0,"star_result":0,"total_max_option_value":5,"adjusted_score_result":0,"score_result":0,"percentage_result":0,"adjusted_percentage_result":0,"count":0,"post_id":360}]},"_links":{"self":[{"href":"https:\/\/drikkeleker.no\/index.php?rest_route=\/wp\/v2\/product\/360","targetHints":{"allow":["GET"]}}],"collection":[{"href":"https:\/\/drikkeleker.no\/index.php?rest_route=\/wp\/v2\/product"}],"about":[{"href":"https:\/\/drikkeleker.no\/index.php?rest_route=\/wp\/v2\/types\/product"}],"wp:featuredmedia":[{"embeddable":true,"href":"https:\/\/drikkeleker.no\/index.php?rest_route=\/wp\/v2\/media\/359"}],"wp:attachment":[{"href":"https:\/\/drikkeleker.no\/index.php?rest_route=%2Fwp%2Fv2%2Fmedia&parent=360"}],"wp:term":[{"taxonomy":"product_brand","embeddable":true,"href":"https:\/\/drikkeleker.no\/index.php?rest_route=%2Fwp%2Fv2%2Fproduct_brand&post=360"},{"taxonomy":"product_cat","embeddable":true,"href":"https:\/\/drikkeleker.no\/index.php?rest_route=%2Fwp%2Fv2%2Fproduct_cat&post=360"},{"taxonomy":"product_tag","embeddable":true,"href":"https:\/\/drikkeleker.no\/index.php?rest_route=%2Fwp%2Fv2%2Fproduct_tag&post=360"}],"curies":[{"name":"wp","href":"https:\/\/api.w.org\/{rel}","templated":true}]}}