{"id":246,"date":"2021-04-01T17:32:59","date_gmt":"2021-04-01T17:32:59","guid":{"rendered":"https:\/\/drikkeleker.experience.as\/?product=party-shooter-i%c2%bdlflaske-bong"},"modified":"2022-12-18T10:27:18","modified_gmt":"2022-12-18T10:27:18","slug":"party-shooter-i%c2%bdlflaske-bong","status":"publish","type":"product","link":"https:\/\/drikkeleker.no\/?product=party-shooter-i%c2%bdlflaske-bong","title":{"rendered":"Party Shooter, \u00f8lflaske-bong"},"content":{"rendered":"<p>Samme prinsipp som en \u00f8ltrakt, men en liten versjon som er mer hendig \u00e5 ha med seg.<\/p>\n<p>\u00c5pne en flaske, f\u00f8r r\u00f8ret inn i flasken og ned p\u00e5 bunnen. Tre shooteren over flasken. Hold for den lille enden av r\u00f8ret som stikker ut, og f\u00f8r r\u00f8ret til munnen. Vipp flasken opp, gj\u00f8r deg klar til \u00e5 drikke, fjern fingeren fra hullet og begynn \u00e5 drikk. P\u00e5 grunn av lufttrykket vil en flaske (0,33l) t\u00f8mmes p\u00e5 5-6-7 sekunder.<\/p>\n<p>Skal du ha mer enn 2 stk? Ta kontakt for rabatt!<\/p>\n<p><iframe loading=\"lazy\" title=\"Kelso nights out (Party Shooter 1)\" width=\"843\" height=\"632\" src=\"https:\/\/www.youtube.com\/embed\/1rMvsqIM5vs?feature=oembed\" frameborder=\"0\" allow=\"accelerometer; autoplay; clipboard-write; encrypted-media; gyroscope; picture-in-picture\" allowfullscreen><\/iframe><\/p>\n","protected":false},"excerpt":{"rendered":"<p>Styrt en \u00f8l p\u00e5 noen sekunder! Garantert moro!<\/p>\n","protected":false},"featured_media":245,"template":"","meta":{"rating_form_position":"","rating_results_position":"","mr_structured_data_type":""},"product_brand":[],"product_cat":[19],"product_tag":[],"class_list":{"0":"post-246","1":"product","2":"type-product","3":"status-publish","4":"has-post-thumbnail","6":"product_cat-shooters","8":"first","9":"instock","10":"sale","11":"taxable","12":"shipping-taxable","13":"purchasable","14":"product-type-simple","15":"customify-col"},"yoast_head":"<!-- This site is optimized with the Yoast SEO plugin v27.5 - https:\/\/yoast.com\/product\/yoast-seo-wordpress\/ -->\n<title>Party Shooter, \u00f8lflaske-bong - Drikkeleker.no<\/title>\n<meta name=\"description\" content=\"Drikkeleker.no er det selvskrevne nettsted for en perfekt fest! I tillegg til en database med mange drikkeleker har vi en egen drekka-shop!\" \/>\n<meta name=\"robots\" content=\"index, follow, max-snippet:-1, max-image-preview:large, max-video-preview:-1\" \/>\n<link rel=\"canonical\" href=\"https:\/\/drikkeleker.no\/?product=party-shooter-i\u00bdlflaske-bong\" \/>\n<meta property=\"og:locale\" content=\"nb_NO\" \/>\n<meta property=\"og:type\" content=\"article\" \/>\n<meta property=\"og:title\" content=\"Party Shooter, \u00f8lflaske-bong - Drikkeleker.no\" \/>\n<meta property=\"og:description\" content=\"Drikkeleker.no er det selvskrevne nettsted for en perfekt fest! I tillegg til en database med mange drikkeleker har vi en egen drekka-shop!\" \/>\n<meta property=\"og:url\" content=\"https:\/\/drikkeleker.no\/?product=party-shooter-i\u00bdlflaske-bong\" \/>\n<meta property=\"og:site_name\" content=\"Drikkeleker.no\" \/>\n<meta property=\"article:modified_time\" content=\"2022-12-18T10:27:18+00:00\" \/>\n<meta property=\"og:image\" content=\"https:\/\/drikkeleker.no\/wp-content\/uploads\/2021\/04\/1144887209.jpg\" \/>\n\t<meta property=\"og:image:width\" content=\"400\" \/>\n\t<meta property=\"og:image:height\" content=\"156\" \/>\n\t<meta property=\"og:image:type\" content=\"image\/jpeg\" \/>\n<meta name=\"twitter:card\" content=\"summary_large_image\" \/>\n<meta name=\"twitter:label1\" content=\"Ansl. lesetid\" \/>\n\t<meta name=\"twitter:data1\" content=\"1 minutt\" \/>\n<script type=\"application\/ld+json\" class=\"yoast-schema-graph\">{\"@context\":\"https:\\\/\\\/schema.org\",\"@graph\":[{\"@type\":\"WebPage\",\"@id\":\"https:\\\/\\\/drikkeleker.no\\\/?product=party-shooter-i%c2%bdlflaske-bong\",\"url\":\"https:\\\/\\\/drikkeleker.no\\\/?product=party-shooter-i%c2%bdlflaske-bong\",\"name\":\"Party Shooter, \u00f8lflaske-bong - Drikkeleker.no\",\"isPartOf\":{\"@id\":\"https:\\\/\\\/drikkeleker.no\\\/#website\"},\"primaryImageOfPage\":{\"@id\":\"https:\\\/\\\/drikkeleker.no\\\/?product=party-shooter-i%c2%bdlflaske-bong#primaryimage\"},\"image\":{\"@id\":\"https:\\\/\\\/drikkeleker.no\\\/?product=party-shooter-i%c2%bdlflaske-bong#primaryimage\"},\"thumbnailUrl\":\"https:\\\/\\\/drikkeleker.no\\\/wp-content\\\/uploads\\\/2021\\\/04\\\/1144887209.jpg\",\"datePublished\":\"2021-04-01T17:32:59+00:00\",\"dateModified\":\"2022-12-18T10:27:18+00:00\",\"description\":\"Drikkeleker.no er det selvskrevne nettsted for en perfekt fest! I tillegg til en database med mange drikkeleker har vi en egen drekka-shop!\",\"breadcrumb\":{\"@id\":\"https:\\\/\\\/drikkeleker.no\\\/?product=party-shooter-i%c2%bdlflaske-bong#breadcrumb\"},\"inLanguage\":\"nb-NO\",\"potentialAction\":[{\"@type\":\"ReadAction\",\"target\":[\"https:\\\/\\\/drikkeleker.no\\\/?product=party-shooter-i%c2%bdlflaske-bong\"]}]},{\"@type\":\"ImageObject\",\"inLanguage\":\"nb-NO\",\"@id\":\"https:\\\/\\\/drikkeleker.no\\\/?product=party-shooter-i%c2%bdlflaske-bong#primaryimage\",\"url\":\"https:\\\/\\\/drikkeleker.no\\\/wp-content\\\/uploads\\\/2021\\\/04\\\/1144887209.jpg\",\"contentUrl\":\"https:\\\/\\\/drikkeleker.no\\\/wp-content\\\/uploads\\\/2021\\\/04\\\/1144887209.jpg\",\"width\":400,\"height\":156},{\"@type\":\"BreadcrumbList\",\"@id\":\"https:\\\/\\\/drikkeleker.no\\\/?product=party-shooter-i%c2%bdlflaske-bong#breadcrumb\",\"itemListElement\":[{\"@type\":\"ListItem\",\"position\":1,\"name\":\"Hjem\",\"item\":\"https:\\\/\\\/drikkeleker.no\\\/\"},{\"@type\":\"ListItem\",\"position\":2,\"name\":\"Butikk-original\",\"item\":\"https:\\\/\\\/drikkeleker.no\\\/?page_id=6\"},{\"@type\":\"ListItem\",\"position\":3,\"name\":\"Party Shooter, \u00f8lflaske-bong\"}]},{\"@type\":\"WebSite\",\"@id\":\"https:\\\/\\\/drikkeleker.no\\\/#website\",\"url\":\"https:\\\/\\\/drikkeleker.no\\\/\",\"name\":\"Drikkeleker.no\",\"description\":\"For en perfekt fest!\",\"publisher\":{\"@id\":\"https:\\\/\\\/drikkeleker.no\\\/#organization\"},\"potentialAction\":[{\"@type\":\"SearchAction\",\"target\":{\"@type\":\"EntryPoint\",\"urlTemplate\":\"https:\\\/\\\/drikkeleker.no\\\/?s={search_term_string}\"},\"query-input\":{\"@type\":\"PropertyValueSpecification\",\"valueRequired\":true,\"valueName\":\"search_term_string\"}}],\"inLanguage\":\"nb-NO\"},{\"@type\":\"Organization\",\"@id\":\"https:\\\/\\\/drikkeleker.no\\\/#organization\",\"name\":\"Drikkeleker.no\",\"url\":\"https:\\\/\\\/drikkeleker.no\\\/\",\"logo\":{\"@type\":\"ImageObject\",\"inLanguage\":\"nb-NO\",\"@id\":\"https:\\\/\\\/drikkeleker.no\\\/#\\\/schema\\\/logo\\\/image\\\/\",\"url\":\"https:\\\/\\\/drikkeleker.no\\\/wp-content\\\/uploads\\\/2021\\\/05\\\/damen.png\",\"contentUrl\":\"https:\\\/\\\/drikkeleker.no\\\/wp-content\\\/uploads\\\/2021\\\/05\\\/damen.png\",\"width\":475,\"height\":350,\"caption\":\"Drikkeleker.no\"},\"image\":{\"@id\":\"https:\\\/\\\/drikkeleker.no\\\/#\\\/schema\\\/logo\\\/image\\\/\"}}]}<\/script>\n<!-- \/ Yoast SEO plugin. -->","yoast_head_json":{"title":"Party Shooter, \u00f8lflaske-bong - Drikkeleker.no","description":"Drikkeleker.no er det selvskrevne nettsted for en perfekt fest! I tillegg til en database med mange drikkeleker har vi en egen drekka-shop!","robots":{"index":"index","follow":"follow","max-snippet":"max-snippet:-1","max-image-preview":"max-image-preview:large","max-video-preview":"max-video-preview:-1"},"canonical":"https:\/\/drikkeleker.no\/?product=party-shooter-i\u00bdlflaske-bong","og_locale":"nb_NO","og_type":"article","og_title":"Party Shooter, \u00f8lflaske-bong - Drikkeleker.no","og_description":"Drikkeleker.no er det selvskrevne nettsted for en perfekt fest! I tillegg til en database med mange drikkeleker har vi en egen drekka-shop!","og_url":"https:\/\/drikkeleker.no\/?product=party-shooter-i\u00bdlflaske-bong","og_site_name":"Drikkeleker.no","article_modified_time":"2022-12-18T10:27:18+00:00","og_image":[{"width":400,"height":156,"url":"https:\/\/drikkeleker.no\/wp-content\/uploads\/2021\/04\/1144887209.jpg","type":"image\/jpeg"}],"twitter_card":"summary_large_image","twitter_misc":{"Ansl. lesetid":"1 minutt"},"schema":{"@context":"https:\/\/schema.org","@graph":[{"@type":"WebPage","@id":"https:\/\/drikkeleker.no\/?product=party-shooter-i%c2%bdlflaske-bong","url":"https:\/\/drikkeleker.no\/?product=party-shooter-i%c2%bdlflaske-bong","name":"Party Shooter, \u00f8lflaske-bong - Drikkeleker.no","isPartOf":{"@id":"https:\/\/drikkeleker.no\/#website"},"primaryImageOfPage":{"@id":"https:\/\/drikkeleker.no\/?product=party-shooter-i%c2%bdlflaske-bong#primaryimage"},"image":{"@id":"https:\/\/drikkeleker.no\/?product=party-shooter-i%c2%bdlflaske-bong#primaryimage"},"thumbnailUrl":"https:\/\/drikkeleker.no\/wp-content\/uploads\/2021\/04\/1144887209.jpg","datePublished":"2021-04-01T17:32:59+00:00","dateModified":"2022-12-18T10:27:18+00:00","description":"Drikkeleker.no er det selvskrevne nettsted for en perfekt fest! I tillegg til en database med mange drikkeleker har vi en egen drekka-shop!","breadcrumb":{"@id":"https:\/\/drikkeleker.no\/?product=party-shooter-i%c2%bdlflaske-bong#breadcrumb"},"inLanguage":"nb-NO","potentialAction":[{"@type":"ReadAction","target":["https:\/\/drikkeleker.no\/?product=party-shooter-i%c2%bdlflaske-bong"]}]},{"@type":"ImageObject","inLanguage":"nb-NO","@id":"https:\/\/drikkeleker.no\/?product=party-shooter-i%c2%bdlflaske-bong#primaryimage","url":"https:\/\/drikkeleker.no\/wp-content\/uploads\/2021\/04\/1144887209.jpg","contentUrl":"https:\/\/drikkeleker.no\/wp-content\/uploads\/2021\/04\/1144887209.jpg","width":400,"height":156},{"@type":"BreadcrumbList","@id":"https:\/\/drikkeleker.no\/?product=party-shooter-i%c2%bdlflaske-bong#breadcrumb","itemListElement":[{"@type":"ListItem","position":1,"name":"Hjem","item":"https:\/\/drikkeleker.no\/"},{"@type":"ListItem","position":2,"name":"Butikk-original","item":"https:\/\/drikkeleker.no\/?page_id=6"},{"@type":"ListItem","position":3,"name":"Party Shooter, \u00f8lflaske-bong"}]},{"@type":"WebSite","@id":"https:\/\/drikkeleker.no\/#website","url":"https:\/\/drikkeleker.no\/","name":"Drikkeleker.no","description":"For en perfekt fest!","publisher":{"@id":"https:\/\/drikkeleker.no\/#organization"},"potentialAction":[{"@type":"SearchAction","target":{"@type":"EntryPoint","urlTemplate":"https:\/\/drikkeleker.no\/?s={search_term_string}"},"query-input":{"@type":"PropertyValueSpecification","valueRequired":true,"valueName":"search_term_string"}}],"inLanguage":"nb-NO"},{"@type":"Organization","@id":"https:\/\/drikkeleker.no\/#organization","name":"Drikkeleker.no","url":"https:\/\/drikkeleker.no\/","logo":{"@type":"ImageObject","inLanguage":"nb-NO","@id":"https:\/\/drikkeleker.no\/#\/schema\/logo\/image\/","url":"https:\/\/drikkeleker.no\/wp-content\/uploads\/2021\/05\/damen.png","contentUrl":"https:\/\/drikkeleker.no\/wp-content\/uploads\/2021\/05\/damen.png","width":475,"height":350,"caption":"Drikkeleker.no"},"image":{"@id":"https:\/\/drikkeleker.no\/#\/schema\/logo\/image\/"}}]}},"multi-rating":{"mr_rating_results":[{"adjusted_star_result":0,"star_result":0,"total_max_option_value":5,"adjusted_score_result":0,"score_result":0,"percentage_result":0,"adjusted_percentage_result":0,"count":0,"post_id":246}]},"_links":{"self":[{"href":"https:\/\/drikkeleker.no\/index.php?rest_route=\/wp\/v2\/product\/246","targetHints":{"allow":["GET"]}}],"collection":[{"href":"https:\/\/drikkeleker.no\/index.php?rest_route=\/wp\/v2\/product"}],"about":[{"href":"https:\/\/drikkeleker.no\/index.php?rest_route=\/wp\/v2\/types\/product"}],"wp:featuredmedia":[{"embeddable":true,"href":"https:\/\/drikkeleker.no\/index.php?rest_route=\/wp\/v2\/media\/245"}],"wp:attachment":[{"href":"https:\/\/drikkeleker.no\/index.php?rest_route=%2Fwp%2Fv2%2Fmedia&parent=246"}],"wp:term":[{"taxonomy":"product_brand","embeddable":true,"href":"https:\/\/drikkeleker.no\/index.php?rest_route=%2Fwp%2Fv2%2Fproduct_brand&post=246"},{"taxonomy":"product_cat","embeddable":true,"href":"https:\/\/drikkeleker.no\/index.php?rest_route=%2Fwp%2Fv2%2Fproduct_cat&post=246"},{"taxonomy":"product_tag","embeddable":true,"href":"https:\/\/drikkeleker.no\/index.php?rest_route=%2Fwp%2Fv2%2Fproduct_tag&post=246"}],"curies":[{"name":"wp","href":"https:\/\/api.w.org\/{rel}","templated":true}]}}