{"id":240,"date":"2021-04-01T17:32:55","date_gmt":"2021-04-01T17:32:55","guid":{"rendered":"https:\/\/drikkeleker.experience.as\/?product=drikkehjelm"},"modified":"2025-12-22T10:45:43","modified_gmt":"2025-12-22T10:45:43","slug":"drikkehjelm","status":"publish","type":"product","link":"https:\/\/drikkeleker.no\/?product=drikkehjelm","title":{"rendered":"Drikkehjelm"},"content":{"rendered":"<p>Du har sikkert sett den f\u00f8r, hjelmen til \u00e5 ha bokser i for s\u00e5 \u00e5 drikke med slange som g\u00e5r oppi boksene. Perfekt til f.eks. utfrikningslag.<\/p>\n<p>Leveres i r\u00f8d eller bl\u00e5<br \/>\n<strong>For \u00f8yeblikket kun bl\u00e5 p\u00e5 lager<\/strong><\/p>\n<p>Skal du ha mer enn 5 hjelmer, ta kontakt for rabatt!<\/p>\n","protected":false},"excerpt":{"rendered":"<p>Drikk fra to bokser som st\u00e5r i hjelmen din<\/p>\n","protected":false},"featured_media":239,"template":"","meta":{"rating_form_position":"","rating_results_position":"","mr_structured_data_type":""},"product_brand":[],"product_cat":[29],"product_tag":[],"class_list":{"0":"post-240","1":"product","2":"type-product","3":"status-publish","4":"has-post-thumbnail","6":"product_cat-utdrikningslag","8":"first","9":"instock","10":"sale","11":"taxable","12":"shipping-taxable","13":"purchasable","14":"product-type-simple","15":"customify-col"},"yoast_head":"<!-- This site is optimized with the Yoast SEO plugin v27.5 - https:\/\/yoast.com\/product\/yoast-seo-wordpress\/ -->\n<title>Drikkehjelm - Drikkeleker.no<\/title>\n<meta name=\"description\" content=\"Drikkeleker.no er det selvskrevne nettsted for en perfekt fest! I tillegg til en database med mange drikkeleker har vi en egen drekka-shop!\" \/>\n<meta name=\"robots\" content=\"index, follow, max-snippet:-1, max-image-preview:large, max-video-preview:-1\" \/>\n<link rel=\"canonical\" href=\"https:\/\/drikkeleker.no\/?product=drikkehjelm\" \/>\n<meta property=\"og:locale\" content=\"nb_NO\" \/>\n<meta property=\"og:type\" content=\"article\" \/>\n<meta property=\"og:title\" content=\"Drikkehjelm - Drikkeleker.no\" \/>\n<meta property=\"og:description\" content=\"Drikkeleker.no er det selvskrevne nettsted for en perfekt fest! I tillegg til en database med mange drikkeleker har vi en egen drekka-shop!\" \/>\n<meta property=\"og:url\" content=\"https:\/\/drikkeleker.no\/?product=drikkehjelm\" \/>\n<meta property=\"og:site_name\" content=\"Drikkeleker.no\" \/>\n<meta property=\"article:modified_time\" content=\"2025-12-22T10:45:43+00:00\" \/>\n<meta property=\"og:image\" content=\"https:\/\/drikkeleker.no\/wp-content\/uploads\/2021\/04\/1144886366.jpg\" \/>\n\t<meta property=\"og:image:width\" content=\"400\" \/>\n\t<meta property=\"og:image:height\" content=\"300\" \/>\n\t<meta property=\"og:image:type\" content=\"image\/jpeg\" \/>\n<meta name=\"twitter:card\" content=\"summary_large_image\" \/>\n<meta name=\"twitter:label1\" content=\"Ansl. lesetid\" \/>\n\t<meta name=\"twitter:data1\" content=\"1 minutt\" \/>\n<script type=\"application\/ld+json\" class=\"yoast-schema-graph\">{\"@context\":\"https:\\\/\\\/schema.org\",\"@graph\":[{\"@type\":\"WebPage\",\"@id\":\"https:\\\/\\\/drikkeleker.no\\\/?product=drikkehjelm\",\"url\":\"https:\\\/\\\/drikkeleker.no\\\/?product=drikkehjelm\",\"name\":\"Drikkehjelm - Drikkeleker.no\",\"isPartOf\":{\"@id\":\"https:\\\/\\\/drikkeleker.no\\\/#website\"},\"primaryImageOfPage\":{\"@id\":\"https:\\\/\\\/drikkeleker.no\\\/?product=drikkehjelm#primaryimage\"},\"image\":{\"@id\":\"https:\\\/\\\/drikkeleker.no\\\/?product=drikkehjelm#primaryimage\"},\"thumbnailUrl\":\"https:\\\/\\\/drikkeleker.no\\\/wp-content\\\/uploads\\\/2021\\\/04\\\/1144886366.jpg\",\"datePublished\":\"2021-04-01T17:32:55+00:00\",\"dateModified\":\"2025-12-22T10:45:43+00:00\",\"description\":\"Drikkeleker.no er det selvskrevne nettsted for en perfekt fest! I tillegg til en database med mange drikkeleker har vi en egen drekka-shop!\",\"breadcrumb\":{\"@id\":\"https:\\\/\\\/drikkeleker.no\\\/?product=drikkehjelm#breadcrumb\"},\"inLanguage\":\"nb-NO\",\"potentialAction\":[{\"@type\":\"ReadAction\",\"target\":[\"https:\\\/\\\/drikkeleker.no\\\/?product=drikkehjelm\"]}]},{\"@type\":\"ImageObject\",\"inLanguage\":\"nb-NO\",\"@id\":\"https:\\\/\\\/drikkeleker.no\\\/?product=drikkehjelm#primaryimage\",\"url\":\"https:\\\/\\\/drikkeleker.no\\\/wp-content\\\/uploads\\\/2021\\\/04\\\/1144886366.jpg\",\"contentUrl\":\"https:\\\/\\\/drikkeleker.no\\\/wp-content\\\/uploads\\\/2021\\\/04\\\/1144886366.jpg\",\"width\":400,\"height\":300},{\"@type\":\"BreadcrumbList\",\"@id\":\"https:\\\/\\\/drikkeleker.no\\\/?product=drikkehjelm#breadcrumb\",\"itemListElement\":[{\"@type\":\"ListItem\",\"position\":1,\"name\":\"Hjem\",\"item\":\"https:\\\/\\\/drikkeleker.no\\\/\"},{\"@type\":\"ListItem\",\"position\":2,\"name\":\"Butikk-original\",\"item\":\"https:\\\/\\\/drikkeleker.no\\\/?page_id=6\"},{\"@type\":\"ListItem\",\"position\":3,\"name\":\"Drikkehjelm\"}]},{\"@type\":\"WebSite\",\"@id\":\"https:\\\/\\\/drikkeleker.no\\\/#website\",\"url\":\"https:\\\/\\\/drikkeleker.no\\\/\",\"name\":\"Drikkeleker.no\",\"description\":\"For en perfekt fest!\",\"publisher\":{\"@id\":\"https:\\\/\\\/drikkeleker.no\\\/#organization\"},\"potentialAction\":[{\"@type\":\"SearchAction\",\"target\":{\"@type\":\"EntryPoint\",\"urlTemplate\":\"https:\\\/\\\/drikkeleker.no\\\/?s={search_term_string}\"},\"query-input\":{\"@type\":\"PropertyValueSpecification\",\"valueRequired\":true,\"valueName\":\"search_term_string\"}}],\"inLanguage\":\"nb-NO\"},{\"@type\":\"Organization\",\"@id\":\"https:\\\/\\\/drikkeleker.no\\\/#organization\",\"name\":\"Drikkeleker.no\",\"url\":\"https:\\\/\\\/drikkeleker.no\\\/\",\"logo\":{\"@type\":\"ImageObject\",\"inLanguage\":\"nb-NO\",\"@id\":\"https:\\\/\\\/drikkeleker.no\\\/#\\\/schema\\\/logo\\\/image\\\/\",\"url\":\"https:\\\/\\\/drikkeleker.no\\\/wp-content\\\/uploads\\\/2021\\\/05\\\/damen.png\",\"contentUrl\":\"https:\\\/\\\/drikkeleker.no\\\/wp-content\\\/uploads\\\/2021\\\/05\\\/damen.png\",\"width\":475,\"height\":350,\"caption\":\"Drikkeleker.no\"},\"image\":{\"@id\":\"https:\\\/\\\/drikkeleker.no\\\/#\\\/schema\\\/logo\\\/image\\\/\"}}]}<\/script>\n<!-- \/ Yoast SEO plugin. -->","yoast_head_json":{"title":"Drikkehjelm - Drikkeleker.no","description":"Drikkeleker.no er det selvskrevne nettsted for en perfekt fest! I tillegg til en database med mange drikkeleker har vi en egen drekka-shop!","robots":{"index":"index","follow":"follow","max-snippet":"max-snippet:-1","max-image-preview":"max-image-preview:large","max-video-preview":"max-video-preview:-1"},"canonical":"https:\/\/drikkeleker.no\/?product=drikkehjelm","og_locale":"nb_NO","og_type":"article","og_title":"Drikkehjelm - Drikkeleker.no","og_description":"Drikkeleker.no er det selvskrevne nettsted for en perfekt fest! I tillegg til en database med mange drikkeleker har vi en egen drekka-shop!","og_url":"https:\/\/drikkeleker.no\/?product=drikkehjelm","og_site_name":"Drikkeleker.no","article_modified_time":"2025-12-22T10:45:43+00:00","og_image":[{"width":400,"height":300,"url":"https:\/\/drikkeleker.no\/wp-content\/uploads\/2021\/04\/1144886366.jpg","type":"image\/jpeg"}],"twitter_card":"summary_large_image","twitter_misc":{"Ansl. lesetid":"1 minutt"},"schema":{"@context":"https:\/\/schema.org","@graph":[{"@type":"WebPage","@id":"https:\/\/drikkeleker.no\/?product=drikkehjelm","url":"https:\/\/drikkeleker.no\/?product=drikkehjelm","name":"Drikkehjelm - Drikkeleker.no","isPartOf":{"@id":"https:\/\/drikkeleker.no\/#website"},"primaryImageOfPage":{"@id":"https:\/\/drikkeleker.no\/?product=drikkehjelm#primaryimage"},"image":{"@id":"https:\/\/drikkeleker.no\/?product=drikkehjelm#primaryimage"},"thumbnailUrl":"https:\/\/drikkeleker.no\/wp-content\/uploads\/2021\/04\/1144886366.jpg","datePublished":"2021-04-01T17:32:55+00:00","dateModified":"2025-12-22T10:45:43+00:00","description":"Drikkeleker.no er det selvskrevne nettsted for en perfekt fest! I tillegg til en database med mange drikkeleker har vi en egen drekka-shop!","breadcrumb":{"@id":"https:\/\/drikkeleker.no\/?product=drikkehjelm#breadcrumb"},"inLanguage":"nb-NO","potentialAction":[{"@type":"ReadAction","target":["https:\/\/drikkeleker.no\/?product=drikkehjelm"]}]},{"@type":"ImageObject","inLanguage":"nb-NO","@id":"https:\/\/drikkeleker.no\/?product=drikkehjelm#primaryimage","url":"https:\/\/drikkeleker.no\/wp-content\/uploads\/2021\/04\/1144886366.jpg","contentUrl":"https:\/\/drikkeleker.no\/wp-content\/uploads\/2021\/04\/1144886366.jpg","width":400,"height":300},{"@type":"BreadcrumbList","@id":"https:\/\/drikkeleker.no\/?product=drikkehjelm#breadcrumb","itemListElement":[{"@type":"ListItem","position":1,"name":"Hjem","item":"https:\/\/drikkeleker.no\/"},{"@type":"ListItem","position":2,"name":"Butikk-original","item":"https:\/\/drikkeleker.no\/?page_id=6"},{"@type":"ListItem","position":3,"name":"Drikkehjelm"}]},{"@type":"WebSite","@id":"https:\/\/drikkeleker.no\/#website","url":"https:\/\/drikkeleker.no\/","name":"Drikkeleker.no","description":"For en perfekt fest!","publisher":{"@id":"https:\/\/drikkeleker.no\/#organization"},"potentialAction":[{"@type":"SearchAction","target":{"@type":"EntryPoint","urlTemplate":"https:\/\/drikkeleker.no\/?s={search_term_string}"},"query-input":{"@type":"PropertyValueSpecification","valueRequired":true,"valueName":"search_term_string"}}],"inLanguage":"nb-NO"},{"@type":"Organization","@id":"https:\/\/drikkeleker.no\/#organization","name":"Drikkeleker.no","url":"https:\/\/drikkeleker.no\/","logo":{"@type":"ImageObject","inLanguage":"nb-NO","@id":"https:\/\/drikkeleker.no\/#\/schema\/logo\/image\/","url":"https:\/\/drikkeleker.no\/wp-content\/uploads\/2021\/05\/damen.png","contentUrl":"https:\/\/drikkeleker.no\/wp-content\/uploads\/2021\/05\/damen.png","width":475,"height":350,"caption":"Drikkeleker.no"},"image":{"@id":"https:\/\/drikkeleker.no\/#\/schema\/logo\/image\/"}}]}},"multi-rating":{"mr_rating_results":[{"adjusted_star_result":0,"star_result":0,"total_max_option_value":5,"adjusted_score_result":0,"score_result":0,"percentage_result":0,"adjusted_percentage_result":0,"count":0,"post_id":240}]},"_links":{"self":[{"href":"https:\/\/drikkeleker.no\/index.php?rest_route=\/wp\/v2\/product\/240","targetHints":{"allow":["GET"]}}],"collection":[{"href":"https:\/\/drikkeleker.no\/index.php?rest_route=\/wp\/v2\/product"}],"about":[{"href":"https:\/\/drikkeleker.no\/index.php?rest_route=\/wp\/v2\/types\/product"}],"wp:featuredmedia":[{"embeddable":true,"href":"https:\/\/drikkeleker.no\/index.php?rest_route=\/wp\/v2\/media\/239"}],"wp:attachment":[{"href":"https:\/\/drikkeleker.no\/index.php?rest_route=%2Fwp%2Fv2%2Fmedia&parent=240"}],"wp:term":[{"taxonomy":"product_brand","embeddable":true,"href":"https:\/\/drikkeleker.no\/index.php?rest_route=%2Fwp%2Fv2%2Fproduct_brand&post=240"},{"taxonomy":"product_cat","embeddable":true,"href":"https:\/\/drikkeleker.no\/index.php?rest_route=%2Fwp%2Fv2%2Fproduct_cat&post=240"},{"taxonomy":"product_tag","embeddable":true,"href":"https:\/\/drikkeleker.no\/index.php?rest_route=%2Fwp%2Fv2%2Fproduct_tag&post=240"}],"curies":[{"name":"wp","href":"https:\/\/api.w.org\/{rel}","templated":true}]}}